{"id":17162,"date":"2021-07-05T16:38:17","date_gmt":"2021-07-05T15:38:17","guid":{"rendered":"https:\/\/recreamaths.eu\/ressources\/"},"modified":"2021-07-05T16:38:17","modified_gmt":"2021-07-05T15:38:17","slug":"ressources","status":"publish","type":"page","link":"https:\/\/recreamaths.eu\/fr\/ressources\/","title":{"rendered":"Ressources"},"content":{"rendered":"<p>[et_pb_section fb_built=\u00a0\u00bb1&Prime; _builder_version=\u00a0\u00bb4.8.2&Prime; _module_preset=\u00a0\u00bbdefault\u00a0\u00bb background_color=\u00a0\u00bb#ffffff\u00a0\u00bb custom_padding=\u00a0\u00bb15px||15px||false|false\u00a0\u00bb hover_enabled=\u00a0\u00bb0&Prime; sticky_enabled=\u00a0\u00bb0&Prime;][et_pb_row _builder_version=\u00a0\u00bb4.6.6&Prime; _module_preset=\u00a0\u00bbdefault\u00a0\u00bb][et_pb_column type=\u00a0\u00bb4_4&Prime; _builder_version=\u00a0\u00bb4.6.6&Prime; _module_preset=\u00a0\u00bbdefault\u00a0\u00bb][et_pb_text _builder_version=\u00a0\u00bb4.8.2&Prime; _module_preset=\u00a0\u00bbdefault\u00a0\u00bb header_text_align=\u00a0\u00bbcenter\u00a0\u00bb custom_margin=\u00a0\u00bb0px||15px||false|false\u00a0\u00bb]<\/p>\n<h1>Ressources<\/h1>\n<p>[\/et_pb_text][et_pb_text _builder_version=\u00a0\u00bb4.8.2&Prime; _module_preset=\u00a0\u00bbdefault\u00a0\u00bb text_orientation=\u00a0\u00bbcenter\u00a0\u00bb width=\u00a0\u00bb55%\u00a0\u00bb module_alignment=\u00a0\u00bbcenter\u00a0\u00bb]En employant des m\u00e9thodologies telles que les \u00ab\u00a0p\u00e9dagogies bas\u00e9es sur le jeu\u00a0\u00bb et \u00ab\u00a0l&rsquo;apprentissage exp\u00e9rientiel\u00a0\u00bb ainsi qu&rsquo;en assimilant le concept \u00ab\u00a0d&rsquo;expositions math\u00e9matiques\u00a0\u00bb, le projet recreaMATHS propose diff\u00e9rentes ressources pour les enfants et les enseignants de la maternelle.[\/et_pb_text][\/et_pb_column][\/et_pb_row][et_pb_row column_structure=\u00a0\u00bb1_4,1_4,1_4,1_4&Prime; make_equal=\u00a0\u00bbon\u00a0\u00bb _builder_version=\u00a0\u00bb4.8.2&Prime; _module_preset=\u00a0\u00bbdefault\u00a0\u00bb custom_margin=\u00a0\u00bb0px|auto||auto|false|false\u00a0\u00bb][et_pb_column type=\u00a0\u00bb1_4&Prime; _builder_version=\u00a0\u00bb4.8.2&Prime; _module_preset=\u00a0\u00bbdefault\u00a0\u00bb background_color=\u00a0\u00bb#9B1574&Prime; custom_padding=\u00a0\u00bb30px||30px||false|false\u00a0\u00bb border_radii=\u00a0\u00bbon|16px|16px|16px|16px\u00a0\u00bb box_shadow_style=\u00a0\u00bbpreset3&Prime; box_shadow_vertical=\u00a0\u00bb10px\u00a0\u00bb box_shadow_blur=\u00a0\u00bb0px\u00a0\u00bb box_shadow_spread=\u00a0\u00bb0px\u00a0\u00bb box_shadow_color=\u00a0\u00bb#5C0F45&Prime;][et_pb_image src=\u00a0\u00bbhttps:\/\/recreamaths.eu\/wp-content\/uploads\/2021\/01\/geometry.png\u00a0\u00bb title_text=\u00a0\u00bbIllustration du guide m\u00e9thodologique\u00a0\u00bb align=\u00a0\u00bbcenter\u00a0\u00bb module_class=\u00a0\u00bbmodule-icon\u00a0\u00bb _builder_version=\u00a0\u00bb4.8.2&Prime; _module_preset=\u00a0\u00bbdefault\u00a0\u00bb module_alignment=\u00a0\u00bbcenter\u00a0\u00bb height=\u00a0\u00bb70px\u00a0\u00bb custom_margin=\u00a0\u00bb||20px||false|false\u00a0\u00bb][\/et_pb_image][et_pb_text _builder_version=\u00a0\u00bb4.8.2&Prime; _module_preset=\u00a0\u00bbdefault\u00a0\u00bb text_font=\u00a0\u00bbRoboto||||||||\u00a0\u00bb text_line_height=\u00a0\u00bb2.2em\u00a0\u00bb header_4_font=\u00a0\u00bbRoboto||||||||\u00a0\u00bb header_4_text_align=\u00a0\u00bbcenter\u00a0\u00bb header_4_font_size=\u00a0\u00bb1.3em\u00a0\u00bb header_4_line_height=\u00a0\u00bb1.2em\u00a0\u00bb text_orientation=\u00a0\u00bbcenter\u00a0\u00bb custom_padding=\u00a0\u00bb||12px|||\u00a0\u00bb]<\/p>\n<h4><span style=\"color: #ffffff;\">Guide<\/span><br \/> <span style=\"color: #ffffff;\"> M\u00e9thodologique<\/span><\/h4>\n<p>[\/et_pb_text][et_pb_text _builder_version=\u00a0\u00bb4.8.2&Prime; _module_preset=\u00a0\u00bbdefault\u00a0\u00bb text_text_color=\u00a0\u00bb#FFFFFF\u00a0\u00bb custom_margin=\u00a0\u00bb-24px||||false|false\u00a0\u00bb custom_padding=\u00a0\u00bb|10px||10px|false|false\u00a0\u00bb]<\/p>\n<p>Apprenez-en plus sur notre approche p\u00e9dagogique et d\u00e9couvrez une nouvelle fa\u00e7on d&rsquo;enseigner les math\u00e9matiques !<\/p>\n<p>[\/et_pb_text][\/et_pb_column][et_pb_column type=\u00a0\u00bb1_4&Prime; _builder_version=\u00a0\u00bb4.8.2&Prime; _module_preset=\u00a0\u00bbdefault\u00a0\u00bb background_color=\u00a0\u00bb#E54E4E\u00a0\u00bb custom_padding=\u00a0\u00bb40px||35px||false|false\u00a0\u00bb border_radii=\u00a0\u00bbon|16px|16px|16px|16px\u00a0\u00bb border_style_all=\u00a0\u00bbnone\u00a0\u00bb box_shadow_style=\u00a0\u00bbpreset3&Prime; box_shadow_vertical=\u00a0\u00bb10px\u00a0\u00bb box_shadow_blur=\u00a0\u00bb0px\u00a0\u00bb box_shadow_spread=\u00a0\u00bb0px\u00a0\u00bb box_shadow_color=\u00a0\u00bb#913333&Prime;][et_pb_image src=\u00a0\u00bbhttps:\/\/recreamaths.eu\/wp-content\/uploads\/2021\/01\/ebook.png\u00a0\u00bb title_text=\u00a0\u00bbIllustration de la biblioth\u00e8que interactive\u00a0\u00bb align=\u00a0\u00bbcenter\u00a0\u00bb module_class=\u00a0\u00bbmodule-icon\u00a0\u00bb _builder_version=\u00a0\u00bb4.8.2&Prime; _module_preset=\u00a0\u00bbdefault\u00a0\u00bb module_alignment=\u00a0\u00bbcenter\u00a0\u00bb height=\u00a0\u00bb70px\u00a0\u00bb custom_margin=\u00a0\u00bb-9px||30px|||\u00a0\u00bb][\/et_pb_image][et_pb_text _builder_version=\u00a0\u00bb4.8.2&Prime; _module_preset=\u00a0\u00bbdefault\u00a0\u00bb header_4_font=\u00a0\u00bbRoboto||||||||\u00a0\u00bb header_4_text_align=\u00a0\u00bbcenter\u00a0\u00bb header_4_font_size=\u00a0\u00bb1.3em\u00a0\u00bb header_4_line_height=\u00a0\u00bb1.2em\u00a0\u00bb custom_margin=\u00a0\u00bb||16px|||\u00a0\u00bb]<\/p>\n<h4><span style=\"color: #ffffff;\">Librairie Interactive<\/span><\/h4>\n<p>[\/et_pb_text][et_pb_text _builder_version=\u00a0\u00bb4.8.2&Prime; _module_preset=\u00a0\u00bbdefault\u00a0\u00bb text_text_color=\u00a0\u00bb#FFFFFF\u00a0\u00bb custom_padding=\u00a0\u00bb|10px||10px|false|false\u00a0\u00bb custom_padding_tablet=\u00a0\u00bb\u00a0\u00bb custom_padding_phone=\u00a0\u00bb\u00a0\u00bb custom_padding_last_edited=\u00a0\u00bbon|desktop\u00a0\u00bb]<\/p>\n<p>Une collection de livres num\u00e9riques pour pr\u00e9senter les premiers concepts math\u00e9matiques aux \u00e9l\u00e8ves.<\/p>\n<p>[\/et_pb_text][\/et_pb_column][et_pb_column type=\u00a0\u00bb1_4&Prime; _builder_version=\u00a0\u00bb4.8.2&Prime; _module_preset=\u00a0\u00bbdefault\u00a0\u00bb background_color=\u00a0\u00bb#FDAB13&Prime; custom_padding=\u00a0\u00bb30px||25px||false|false\u00a0\u00bb border_radii=\u00a0\u00bbon|16px|16px|16px|16px\u00a0\u00bb border_style_all=\u00a0\u00bbnone\u00a0\u00bb box_shadow_style=\u00a0\u00bbpreset3&Prime; box_shadow_vertical=\u00a0\u00bb10px\u00a0\u00bb box_shadow_blur=\u00a0\u00bb0px\u00a0\u00bb box_shadow_spread=\u00a0\u00bb0px\u00a0\u00bb box_shadow_color=\u00a0\u00bb#BE8215&Prime;][et_pb_image src=\u00a0\u00bbhttps:\/\/recreamaths.eu\/wp-content\/uploads\/2021\/01\/room.png\u00a0\u00bb title_text=\u00a0\u00bbIllustration des expositions de math\u00e9matiques\u00a0\u00bb align=\u00a0\u00bbcenter\u00a0\u00bb module_class=\u00a0\u00bbmodule-icon\u00a0\u00bb _builder_version=\u00a0\u00bb4.8.2&Prime; _module_preset=\u00a0\u00bbdefault\u00a0\u00bb height=\u00a0\u00bb70px\u00a0\u00bb custom_margin=\u00a0\u00bb||31px|||\u00a0\u00bb][\/et_pb_image][et_pb_text _builder_version=\u00a0\u00bb4.8.2&Prime; _module_preset=\u00a0\u00bbdefault\u00a0\u00bb header_4_font=\u00a0\u00bbRoboto||||||||\u00a0\u00bb header_4_text_align=\u00a0\u00bbcenter\u00a0\u00bb header_4_font_size=\u00a0\u00bb1.3em\u00a0\u00bb header_4_line_height=\u00a0\u00bb1.2em\u00a0\u00bb custom_margin=\u00a0\u00bb||18px|||\u00a0\u00bb]<\/p>\n<h4><span style=\"color: #ffffff;\">Expositions sur les math\u00e9matiques<\/span><\/h4>\n<p>[\/et_pb_text][et_pb_text _builder_version=\u00a0\u00bb4.8.2&Prime; _module_preset=\u00a0\u00bbdefault\u00a0\u00bb text_text_color=\u00a0\u00bb#FFFFFF\u00a0\u00bb custom_padding=\u00a0\u00bb|10px||10px|false|false\u00a0\u00bb]<\/p>\n<p>\u2022 Expositions virtuelles de concepts math\u00e9matiques<br \/> \u2022 Mod\u00e8les \u00e0 r\u00e9utiliser<br \/> \u2022 Directives pour les enseignants<\/p>\n<p>[\/et_pb_text][\/et_pb_column][et_pb_column type=\u00a0\u00bb1_4&Prime; _builder_version=\u00a0\u00bb4.8.2&Prime; _module_preset=\u00a0\u00bbdefault\u00a0\u00bb background_color=\u00a0\u00bb#259999&Prime; custom_padding=\u00a0\u00bb40px||40px||false|false\u00a0\u00bb border_radii=\u00a0\u00bbon|16px|16px|16px|16px\u00a0\u00bb border_style_all=\u00a0\u00bbnone\u00a0\u00bb box_shadow_style=\u00a0\u00bbpreset3&Prime; box_shadow_vertical=\u00a0\u00bb10px\u00a0\u00bb box_shadow_blur=\u00a0\u00bb0px\u00a0\u00bb box_shadow_spread=\u00a0\u00bb0px\u00a0\u00bb box_shadow_color=\u00a0\u00bb#1C6A6A\u00a0\u00bb][et_pb_image src=\u00a0\u00bbhttps:\/\/recreamaths.eu\/wp-content\/uploads\/2021\/01\/3d-printer.png\u00a0\u00bb title_text=\u00a0\u00bbMod\u00e9lisation 3D Illustration\u00a0\u00bb align=\u00a0\u00bbcenter\u00a0\u00bb module_class=\u00a0\u00bbmodule-icon\u00a0\u00bb _builder_version=\u00a0\u00bb4.8.2&Prime; _module_preset=\u00a0\u00bbdefault\u00a0\u00bb height=\u00a0\u00bb70px\u00a0\u00bb custom_margin=\u00a0\u00bb-11px||31px|||\u00a0\u00bb][\/et_pb_image][et_pb_text _builder_version=\u00a0\u00bb4.8.2&Prime; _module_preset=\u00a0\u00bbdefault\u00a0\u00bb header_4_font=\u00a0\u00bbRoboto||||||||\u00a0\u00bb header_4_text_align=\u00a0\u00bbcenter\u00a0\u00bb header_4_font_size=\u00a0\u00bb1.3em\u00a0\u00bb header_4_line_height=\u00a0\u00bb1.2em\u00a0\u00bb custom_margin=\u00a0\u00bb||18px|||\u00a0\u00bb]<\/p>\n<h4><span style=\"color: #ffffff;\">Mod\u00e9lisation 3D<\/span><\/h4>\n<p>[\/et_pb_text][et_pb_text _builder_version=\u00a0\u00bb4.8.2&Prime; _module_preset=\u00a0\u00bbdefault\u00a0\u00bb text_text_color=\u00a0\u00bb#FFFFFF\u00a0\u00bb custom_margin=\u00a0\u00bb||||false|false\u00a0\u00bb custom_padding=\u00a0\u00bb|10px||10px|false|false\u00a0\u00bb]<\/p>\n<p>Concevez, r\u00e9alisez, exp\u00e9rimentez et apprenez avec la mod\u00e9lisation 3D pour les math\u00e9matiques.<\/p>\n<p>[\/et_pb_text][\/et_pb_column][\/et_pb_row][\/et_pb_section]<\/p>\n","protected":false},"excerpt":{"rendered":"<p>RessourcesEn employant des m\u00e9thodologies telles que les \u00ab\u00a0p\u00e9dagogies bas\u00e9es sur le jeu\u00a0\u00bb et \u00ab\u00a0l&rsquo;apprentissage exp\u00e9rientiel\u00a0\u00bb ainsi qu&rsquo;en assimilant le concept \u00ab\u00a0d&rsquo;expositions math\u00e9matiques\u00a0\u00bb, le projet recreaMATHS propose diff\u00e9rentes ressources pour les enfants et les enseignants de la maternelle.Guide M\u00e9thodologiqueApprenez-en plus sur notre approche p\u00e9dagogique et d\u00e9couvrez une nouvelle fa\u00e7on d&rsquo;enseigner les math\u00e9matiques !Librairie InteractiveUne collection de [&hellip;]<\/p>\n","protected":false},"author":1,"featured_media":0,"parent":0,"menu_order":0,"comment_status":"closed","ping_status":"closed","template":"","meta":{"_et_pb_use_builder":"on","_et_pb_old_content":"","_et_gb_content_width":"","inline_featured_image":false},"acf":[],"_links":{"self":[{"href":"https:\/\/recreamaths.eu\/fr\/wp-json\/wp\/v2\/pages\/17162"}],"collection":[{"href":"https:\/\/recreamaths.eu\/fr\/wp-json\/wp\/v2\/pages"}],"about":[{"href":"https:\/\/recreamaths.eu\/fr\/wp-json\/wp\/v2\/types\/page"}],"author":[{"embeddable":true,"href":"https:\/\/recreamaths.eu\/fr\/wp-json\/wp\/v2\/users\/1"}],"replies":[{"embeddable":true,"href":"https:\/\/recreamaths.eu\/fr\/wp-json\/wp\/v2\/comments?post=17162"}],"version-history":[{"count":2,"href":"https:\/\/recreamaths.eu\/fr\/wp-json\/wp\/v2\/pages\/17162\/revisions"}],"predecessor-version":[{"id":17164,"href":"https:\/\/recreamaths.eu\/fr\/wp-json\/wp\/v2\/pages\/17162\/revisions\/17164"}],"wp:attachment":[{"href":"https:\/\/recreamaths.eu\/fr\/wp-json\/wp\/v2\/media?parent=17162"}],"curies":[{"name":"wp","href":"https:\/\/api.w.org\/{rel}","templated":true}]}}