{"id":17165,"date":"2021-07-05T16:48:37","date_gmt":"2021-07-05T15:48:37","guid":{"rendered":"https:\/\/recreamaths.eu\/guide-methodologique\/"},"modified":"2021-09-07T14:46:30","modified_gmt":"2021-09-07T13:46:30","slug":"guide-methodologique","status":"publish","type":"page","link":"https:\/\/recreamaths.eu\/fr\/guide-methodologique\/","title":{"rendered":"Guide M\u00e9thodologique"},"content":{"rendered":"\n<h1 class=\"wp-block-heading\"><strong>Chapitre 1 <\/strong><\/h1>\n\n<p>Une introduction au concept de Math\u00e9matiques non formelles\u00a0<\/p>\n\n<h2 class=\"wp-block-heading\">1.1 Math\u00e9matiques non formelles\u00a0<\/h2>\n\n<p>Comment d\u00e9finir le concept d&rsquo;apprentissage\/\u00e9ducation non formelle ?\u00a0<\/p>\n\n<p>L&rsquo;expression \u00ab\u00a0\u00e9ducation non formelle\u00a0\u00bb remonte \u00e0 1974, ann\u00e9e o\u00f9 Coombs et Ahmed l&rsquo;ont utilis\u00e9e pour la premi\u00e8re fois. Coombs et Ahmed, ont d\u00e9termin\u00e9 que l&rsquo;apprentissage et l&rsquo;\u00e9ducation pouvaient \u00eatre assimil\u00e9s, malgr\u00e9 la mani\u00e8re, le lieu et le moment o\u00f9 le processus d&rsquo;apprentissage se produisait (Mok, 2011). <strong>L&rsquo;apprentissage non formel peut \u00eatre d\u00e9fini comme une forme d&rsquo;apprentissage qui se produit en dehors de la classe, s\u00e9par\u00e9 du syst\u00e8me scolaire formel<\/strong>. En d&rsquo;autres termes, en dehors des param\u00e8tres des institutions et structures d&rsquo;apprentissage traditionnelles. Ainsi, un \u00e9ducateur et un \u00e9tudiant \u00a0\u00bb tiennent \u00a0\u00bb leurs activit\u00e9s et leur apprentissage en dehors du syst\u00e8me formel. Les termes d&rsquo;apprentissage communautaire, d&rsquo;\u00e9ducation des adultes, d&rsquo;apprentissage tout au long de la vie peuvent \u00eatre utilis\u00e9s de mani\u00e8re interchangeable dans l&rsquo;\u00e9ducation non formelle (Khasnabis et al., 2010). L&rsquo;apprentissage non formel consiste \u00e0, reconna\u00eetre l&rsquo;importance de l&rsquo;apprentissage, de l&rsquo;\u00e9ducation et de la formation en dehors des bases \u00e9ducatives standard, (<em>Qu&rsquo;est-ce que l&rsquo;\u00e9ducation non formelle ?<\/em>, 2015). En outre, l&rsquo;\u00e9ducation non formelle est utilis\u00e9e dans la proc\u00e9dure d&rsquo;\u00e9ducation tout au long de la vie des individus, comme un ajout, une approche alternative, ou comme une m\u00e9thode d&rsquo;apprentissage compl\u00e9mentaire \u00e0 l&rsquo;\u00e9ducation formelle. Elle n&rsquo;est pas utilis\u00e9e pour remplacer les approches formelles. L&rsquo;apprentissage non formel garantit l&rsquo;acc\u00e8s \u00e0 l&rsquo;\u00e9ducation \u00e0 tous les individus de tous \u00e2ges (<em>\u00c9ducation non formelle<\/em>, 2020). Ainsi, l&rsquo;\u00e9ducation et l&rsquo;apprentissage non formels font r\u00e9f\u00e9rence \u00e0 un type d&rsquo;apprentissage relativement m\u00e9thodique, qui n&rsquo;est pas n\u00e9cessairement planifi\u00e9 \u00e0 l&rsquo;avance. De m\u00eame que l&rsquo;apprentissage formel, le non formel a comme objectif pour les apprenants et les enseignants de r\u00e9aliser des t\u00e2ches d&rsquo;apprentissage sp\u00e9cifiques (Mok, 2011).\u00a0<\/p>\n\n<p>Comme nous le savons tous, il existe diff\u00e9rentes m\u00e9thodes pour enseigner \u00e0 diff\u00e9rents apprenants, et diff\u00e9rents sujets qui peuvent \u00eatre enseign\u00e9s dans un cadre diff\u00e9rent avec une approche diff\u00e9rente. En introduisant l&rsquo;apprentissage non formel, les enseignants et les \u00e9l\u00e8ves deviennent \u00e9gaux. En d&rsquo;autres termes, les \u00e9l\u00e8ves n&rsquo;ont pas besoin d&rsquo;appeler l&rsquo;enseignant \u00ab\u00a0Monsieur\u00a0\u00bb ou \u00ab\u00a0Madame\u00a0\u00bb et l&#8217;emploi du temps d&rsquo;un \u00e9l\u00e8ve est aussi important que celui de l&rsquo;enseignant. L&rsquo;apprentissage non formel se concentre sur l&rsquo;autonomisation de l&rsquo;apprenant pour qu&rsquo;il parvienne \u00e0 en faire plus et met au d\u00e9fi l&rsquo;\u00e9tudiant et l&rsquo;\u00e9ducateur de proposer une vari\u00e9t\u00e9 d&rsquo;id\u00e9es, d&rsquo;\u00e9couter et d&rsquo;argumenter l&rsquo;un avec l&rsquo;autre (Spiteri, 2016). Il est important pour nous tous, de reconna\u00eetre l&rsquo;apprentissage et l&rsquo;\u00e9ducation non formels comme une partie indispensable du processus d&rsquo;\u00e9ducation et de reconna\u00eetre l&rsquo;influence que l&rsquo;apprentissage non formel peut avoir dans les organisations \u00e9ducatives. L&rsquo;apprentissage non formel peut \u00eatre consid\u00e9r\u00e9 comme une partie essentielle du concept d&rsquo;apprentissage tout au long de la vie et peut garantir que les apprenants conservent les comp\u00e9tences et les capacit\u00e9s n\u00e9cessaires pour s&rsquo;adapter \u00e0 un environnement en constante \u00e9volution. La collecte d&rsquo;outils d&rsquo;enseignement non formels et de diff\u00e9rentes structures d&rsquo;apprentissage peut \u00eatre consid\u00e9r\u00e9e comme une alternative innovante et cr\u00e9ative aux sch\u00e9mas d&rsquo;enseignement classiques et traditionnels. Les avantages de l&rsquo;introduction d&rsquo;approches non formelles comprennent la possibilit\u00e9 d&rsquo;exp\u00e9rimenter et de prendre des responsabilit\u00e9s en s&rsquo;engageant dans l&rsquo;\u00e9ducation non formelle ; la possibilit\u00e9 de d\u00e9velopper l&rsquo;enthousiasme et la curiosit\u00e9 \u00e0 l&rsquo;\u00e9gard du processus d&rsquo;apprentissage ; l&rsquo;apprentissage du travail en \u00e9quipe et le d\u00e9veloppement des capacit\u00e9s de prise de d\u00e9cision. En outre, un processus \u00e9ducatif bas\u00e9 sur l&rsquo;apprentissage non formel peut aider au d\u00e9veloppement des comp\u00e9tences personnelles et sociales, par le biais du processus exp\u00e9rimental (<em>\u00c9ducation non formelle<\/em>, 1999). Gr\u00e2ce au d\u00e9veloppement des comp\u00e9tences personnelles et sociales de chaque individu, les enseignants peuvent aider les enfants \u00e0 renforcer leur estime de soi. Une attitude critique saine de l&rsquo;environnement peut \u00eatre d\u00e9velopp\u00e9e par la capacit\u00e9 d&rsquo;apprentissage et de \u00a0\u00bb d\u00e9couverte \u00a0\u00bb de chaque individu (\u00a0\u00bb What Is Non-Formal Education and Why It Is Important \u00ab\u00a0, 2018).\u00a0<\/p>\n","protected":false},"excerpt":{"rendered":"<p>Chapitre 1 Une introduction au concept de Math\u00e9matiques non formelles\u00a0 1.1 Math\u00e9matiques non formelles\u00a0 Comment d\u00e9finir le concept d&rsquo;apprentissage\/\u00e9ducation non formelle ?\u00a0 L&rsquo;expression \u00ab\u00a0\u00e9ducation non formelle\u00a0\u00bb remonte \u00e0 1974, ann\u00e9e o\u00f9 Coombs et Ahmed l&rsquo;ont utilis\u00e9e pour la premi\u00e8re fois. Coombs et Ahmed, ont d\u00e9termin\u00e9 que l&rsquo;apprentissage et l&rsquo;\u00e9ducation pouvaient \u00eatre assimil\u00e9s, malgr\u00e9 la mani\u00e8re, [&hellip;]<\/p>\n","protected":false},"author":1,"featured_media":0,"parent":0,"menu_order":0,"comment_status":"closed","ping_status":"closed","template":"","meta":{"_et_pb_use_builder":"on","_et_pb_old_content":"","_et_gb_content_width":"","inline_featured_image":false},"acf":[],"_links":{"self":[{"href":"https:\/\/recreamaths.eu\/fr\/wp-json\/wp\/v2\/pages\/17165"}],"collection":[{"href":"https:\/\/recreamaths.eu\/fr\/wp-json\/wp\/v2\/pages"}],"about":[{"href":"https:\/\/recreamaths.eu\/fr\/wp-json\/wp\/v2\/types\/page"}],"author":[{"embeddable":true,"href":"https:\/\/recreamaths.eu\/fr\/wp-json\/wp\/v2\/users\/1"}],"replies":[{"embeddable":true,"href":"https:\/\/recreamaths.eu\/fr\/wp-json\/wp\/v2\/comments?post=17165"}],"version-history":[{"count":2,"href":"https:\/\/recreamaths.eu\/fr\/wp-json\/wp\/v2\/pages\/17165\/revisions"}],"predecessor-version":[{"id":17334,"href":"https:\/\/recreamaths.eu\/fr\/wp-json\/wp\/v2\/pages\/17165\/revisions\/17334"}],"wp:attachment":[{"href":"https:\/\/recreamaths.eu\/fr\/wp-json\/wp\/v2\/media?parent=17165"}],"curies":[{"name":"wp","href":"https:\/\/api.w.org\/{rel}","templated":true}]}}