{"id":17169,"date":"2021-07-05T17:22:05","date_gmt":"2021-07-05T16:22:05","guid":{"rendered":"https:\/\/recreamaths.eu\/guida-metodologica\/"},"modified":"2021-07-05T17:22:06","modified_gmt":"2021-07-05T16:22:06","slug":"guida-metodologica","status":"publish","type":"page","link":"https:\/\/recreamaths.eu\/it\/guida-metodologica\/","title":{"rendered":"Guida metodologica"},"content":{"rendered":"\n<h1 class=\"wp-block-heading\"><strong>Capitolo 1\u00a0<\/strong><\/h1>\n\n<p>Un&#8217;introduzione al concetto di matematica non formale\u00a0<\/p>\n\n<h2 class=\"wp-block-heading\">1.1 Matematica non formale\u00a0<\/h2>\n\n<p>Come possiamo definire il concetto di apprendimento\/educazione non formale?\u00a0<\/p>\n\n<p>Il termine &#8216;educazione non formale&#8217; risale al 1974, quando Coombs e Ahmed lo usarono per la prima volta. Coombs e Ahmed stabilirono che l&#8217;apprendimento e l&#8217;educazione potevano essere equiparati, nonostante come, dove e quando il processo di apprendimento avveniva (Mok, 2011). <strong>L&#8217;apprendimento non formale pu\u00f2 essere definito come una forma di apprendimento che avviene al di fuori della classe, separata dal sistema scolastico formale<\/strong>. In altre parole, al di fuori dei parametri delle istituzioni e delle strutture di apprendimento tradizionali. Cos\u00ec, un educatore insieme a uno studente, &#8220;tengono&#8221; le loro attivit\u00e0 e il loro apprendimento al di fuori del sistema formale. I termini apprendimento comunitario, educazione degli adulti, apprendimento permanente possono essere usati in modo intercambiabile nell&#8217;educazione non formale (Khasnabis et al., 2010). L&#8217;apprendimento non formale consiste nel riconoscere quanto siano importanti l&#8217;apprendimento, l&#8217;istruzione e la formazione al di fuori delle basi educative standard (<em>What Is Non-Formal Education?<\/em>, 2015). Inoltre, l&#8217;educazione non formale \u00e8 utilizzata nella procedura di educazione permanente degli individui, come un&#8217;aggiunta, un approccio alternativo, o come un metodo di apprendimento complementare all&#8217;educazione formale. Non \u00e8 usato come una sostituzione degli approcci formali. L&#8217;apprendimento non formale garantisce l&#8217;accesso all&#8217;istruzione a tutti gli individui di tutte le et\u00e0 (<em>Educazione non formale<\/em>, 2020). Cos\u00ec, l&#8217;educazione e l&#8217;apprendimento non formale si riferiscono ad un tipo di apprendimento relativamente metodico, che non \u00e8 necessariamente pre-pianificato. Similmente all&#8217;apprendimento formale, quello non formale ha come obiettivo per gli studenti e gli insegnanti di raggiungere specifici compiti di apprendimento (Mok, 2011).\u00a0<\/p>\n\n<p>Come tutti sappiamo, ci sono metodi diversi quando si insegna a studenti diversi, e argomenti diversi che possono essere insegnati in un ambiente diverso con un approccio diverso. Introducendo l&#8217;apprendimento non formale, insegnanti e studenti diventano uguali. In altre parole, non c&#8217;\u00e8 bisogno che gli studenti chiamino l&#8217;insegnante &#8220;signore&#8221; o &#8220;signorina&#8221; e il programma di uno studente \u00e8 importante quanto quello dell&#8217;insegnante. L&#8217;apprendimento non formale si concentra sulla responsabilizzazione di uno studente nel raggiungere di pi\u00f9 e sfida sia lo studente che l&#8217;educatore a proporre una variet\u00e0 di idee, ad ascoltare cos\u00ec come a discutere con l&#8217;altro (Spiteri, 2016). \u00c8 importante per tutti noi, riconoscere l&#8217;apprendimento e l&#8217;educazione non formale come una parte indispensabile del processo educativo e riconoscere l&#8217;influenza che l&#8217;apprendimento non formale pu\u00f2 avere nelle organizzazioni educative. L&#8217;apprendimento non formale pu\u00f2 essere considerato come una parte essenziale del concetto di apprendimento permanente e pu\u00f2 assicurare che gli studenti conservino le competenze e le abilit\u00e0 necessarie per adattarsi a un ambiente in continuo cambiamento. La raccolta di strumenti di insegnamento non formale e di diverse strutture di apprendimento pu\u00f2 essere vista come un&#8217;alternativa innovativa e creativa agli schemi di insegnamento classici e tradizionali. I benefici dell&#8217;introduzione di approcci non formali includono la possibilit\u00e0 di sperimentare e assumersi responsabilit\u00e0 attraverso l&#8217;impegno nell&#8217;educazione non formale; essere in grado di sviluppare entusiasmo e curiosit\u00e0 verso il processo di apprendimento; imparare a lavorare insieme in una squadra e costruire capacit\u00e0 decisionali. Inoltre, un processo educativo basato sull&#8217;apprendimento non formale pu\u00f2 aiutare nello sviluppo delle abilit\u00e0 personali e sociali, attraverso il processo sperimentale (<em>Educazione non formale<\/em>, 1999). Attraverso lo sviluppo delle abilit\u00e0 personali e sociali di ogni individuo, gli insegnanti possono aiutare i bambini a rafforzare la loro autostima. Un sano atteggiamento critico dell&#8217;ambiente circostante pu\u00f2 essere sviluppato dalla capacit\u00e0 di apprendimento e di &#8220;scoperta&#8221; di ogni individuo (&#8220;What Is Non-Formal Education and Why It Is Important&#8221;, 2018).\u00a0<\/p>\n","protected":false},"excerpt":{"rendered":"<p>Capitolo 1\u00a0 Un&#8217;introduzione al concetto di matematica non formale\u00a0 1.1 Matematica non formale\u00a0 Come possiamo definire il concetto di apprendimento\/educazione non formale?\u00a0 Il termine &#8216;educazione non formale&#8217; risale al 1974, quando Coombs e Ahmed lo usarono per la prima volta. Coombs e Ahmed stabilirono che l&#8217;apprendimento e l&#8217;educazione potevano essere equiparati, nonostante come, dove e [&hellip;]<\/p>\n","protected":false},"author":1,"featured_media":0,"parent":0,"menu_order":0,"comment_status":"closed","ping_status":"closed","template":"","meta":{"_et_pb_use_builder":"on","_et_pb_old_content":"","_et_gb_content_width":"","inline_featured_image":false},"acf":[],"_links":{"self":[{"href":"https:\/\/recreamaths.eu\/it\/wp-json\/wp\/v2\/pages\/17169"}],"collection":[{"href":"https:\/\/recreamaths.eu\/it\/wp-json\/wp\/v2\/pages"}],"about":[{"href":"https:\/\/recreamaths.eu\/it\/wp-json\/wp\/v2\/types\/page"}],"author":[{"embeddable":true,"href":"https:\/\/recreamaths.eu\/it\/wp-json\/wp\/v2\/users\/1"}],"replies":[{"embeddable":true,"href":"https:\/\/recreamaths.eu\/it\/wp-json\/wp\/v2\/comments?post=17169"}],"version-history":[{"count":1,"href":"https:\/\/recreamaths.eu\/it\/wp-json\/wp\/v2\/pages\/17169\/revisions"}],"predecessor-version":[{"id":17170,"href":"https:\/\/recreamaths.eu\/it\/wp-json\/wp\/v2\/pages\/17169\/revisions\/17170"}],"wp:attachment":[{"href":"https:\/\/recreamaths.eu\/it\/wp-json\/wp\/v2\/media?parent=17169"}],"curies":[{"name":"wp","href":"https:\/\/api.w.org\/{rel}","templated":true}]}}