{"id":508,"date":"2021-02-15T23:26:13","date_gmt":"2021-02-15T22:26:13","guid":{"rendered":"https:\/\/recreamaths.eu\/a-proposito-di\/"},"modified":"2021-02-15T23:27:08","modified_gmt":"2021-02-15T22:27:08","slug":"a-proposito-di","status":"publish","type":"page","link":"https:\/\/recreamaths.eu\/it\/a-proposito-di\/","title":{"rendered":"A proposito di"},"content":{"rendered":"<p>[et_pb_section fb_built=&#8221;1&#8243; _builder_version=&#8221;4.8.2&#8243; _module_preset=&#8221;default&#8221;][et_pb_row _builder_version=&#8221;4.6.6&#8243; _module_preset=&#8221;default&#8221; hover_enabled=&#8221;0&#8243; sticky_enabled=&#8221;0&#8243; locked=&#8221;off&#8221;][et_pb_column type=&#8221;4_4&#8243; _builder_version=&#8221;4.6.6&#8243; _module_preset=&#8221;default&#8221;][et_pb_text module_class=&#8221;h1-about-title&#8221; _builder_version=&#8221;4.8.2&#8243; _module_preset=&#8221;default&#8221; text_font=&#8221;||||||||&#8221; text_orientation=&#8221;center&#8221; hover_enabled=&#8221;0&#8243; sticky_enabled=&#8221;0&#8243; header_font=&#8221;Comfortaa||||||||&#8221; header_font_size=&#8221;2em&#8221; header_letter_spacing=&#8221;-1px&#8221;]<\/p>\n<h1 style=\"text-align: center;\">A proposito di<\/h1>\n<p>[\/et_pb_text][et_pb_text _builder_version=&#8221;4.8.2&#8243; _module_preset=&#8221;9cb07f22-881d-4dc1-a584-8863075181be&#8221; text_font=&#8221;||||||||&#8221; text_orientation=&#8221;center&#8221; width=&#8221;60%&#8221; width_tablet=&#8221;&#8221; width_phone=&#8221;&#8221; width_last_edited=&#8221;on|desktop&#8221; module_alignment=&#8221;center&#8221; custom_margin=&#8221;||auto||false|false&#8221; custom_margin_tablet=&#8221;&#8221; custom_margin_phone=&#8221;&#8221; custom_margin_last_edited=&#8221;on|desktop&#8221; custom_padding=&#8221;||||false|false&#8221;]<\/p>\n<p>Durata del progetto: 01\/12\/20\u00a0\u2013\u00a031\/05\/2023<br \/>Numero del progetto: 2020-1-FR01-KA201-079971<\/p>\n<p>[\/et_pb_text][\/et_pb_column][\/et_pb_row][et_pb_row _builder_version=&#8221;4.8.2&#8243; _module_preset=&#8221;default&#8221; max_width=&#8221;900px&#8221; hover_enabled=&#8221;0&#8243; sticky_enabled=&#8221;0&#8243;][et_pb_column _builder_version=&#8221;4.8.2&#8243; _module_preset=&#8221;default&#8221; type=&#8221;4_4&#8243;][et_pb_text _builder_version=&#8221;4.8.2&#8243; _module_preset=&#8221;default&#8221; hover_enabled=&#8221;0&#8243; sticky_enabled=&#8221;0&#8243;]<\/p>\n<p>Il progetto &#8220;recreaMATHS&#8221;, intende rivedere l&#8217;insegnamento della matematica alla scuola materna, fornendo agli educatori della scuola materna e ai fornitori formali e non formali di educazione STEM  strumenti significativi non formali che spostano l&#8217;accento dalle &#8220;abilit\u00e0 di calcolo&#8221; e dalle &#8220;abilit\u00e0 e pratiche di esercitazione&#8221; all&#8217;insegnamento del &#8220;linguaggio della matematica&#8221;, allineando a questo spettro sia il contenuto che la pedagogia del materiale prodotto.<\/p>\n<p>Tenendo conto di questo, recreaMATHS, insieme alle sue metodologie intrinseche, punta ai seguenti risultati:<\/p>\n<ol>\n<li>La formazione di un approccio matematico unico per gli educatori della scuola materna che inquadra la matematica non solo come competenza intorno al numero, ma come prodotto socio-culturale e come campo educativo multiforme, attraverso un percorso della sua dimostrata applicabilit\u00e0 nella vita quotidiana, nella tecnologia, nella cultura e nelle arti, cos\u00ec come attraverso la sua correlazione con il patrimonio culturale europeo. Di conseguenza, gli educatori saranno dotati di metodologie pedagogiche alternative e di buone pratiche interdisciplinari sincrone per avvicinarsi a semplici concetti matematici e di ragionamento per l&#8217;et\u00e0 prescolare, aiutando cos\u00ec gli studenti a sviluppare le competenze relative al &#8220;Discorso matematico, logica e ragionamento&#8221;.<\/li>\n<li>La familiarizzazione degli educatori della scuola materna con l&#8217;utilizzo di strumenti digitali e innovazioni tecnologiche (ad esempio, modellazione 3D, stampa, software di pubblicazione) per la costruzione di manipolazioni matematiche moderne al servizio delle loro peculiari esigenze e obiettivi educativi.<\/li>\n<li>La progettazione e lo sviluppo di un approccio educativo inclusivo adatto a studenti sordi\/difficili d&#8217;udito e ipovedenti, cos\u00ec come a studenti con deficit visivi.<\/li>\n<\/ol>\n<p>Utilizzando metodologie come &#8220;pedagogie basate sui giochi&#8221; e &#8220;apprendimento esperienziale&#8221; e assimilando il concetto di &#8220;mostre matematiche\/esposizioni matematiche&#8221; che \u00e8 stato ampiamente adottato per concettualizzare e delineare sia il lavoro che la visione dei pi\u00f9 rinomati Musei della Matematica del mondo, il progetto recreaMATHS aspira a portare metodologie orientate ai musei della matematica nelle aule della scuola materna. Tale decisione, si \u00e8 basata sulla logica che l&#8217;attivit\u00e0 del museo della matematica \u00e8 in grado di cambiare la percezione della matematica, soprattutto sviluppando e rafforzando il proprio linguaggio, diverso dal linguaggio scolastico e dalla divulgazione scientifica.<\/p>\n<p>4 Output Intellettuali:<\/p>\n<ul>\n<li>1 guida metodologica sulla formulazione degli elementi sintetici di un approccio pedagogico solido e coerente.<\/li>\n<li>5 e-book matematici per bambini (4-5 anni) e 5 e-book per bambini 6-7 anni che potrebbero essere utilizzati nelle classi delle scuole materne ed elementari. Un kit di creazione di e-book matematici che si rivolge agli educatori, sugli aspetti creativi, pedagogici e tecnici della generazione di e-book su misura sulla matematica, partendo da zero.<\/li>\n<li>12 mostre matematiche pratiche pi\u00f9 2 mostre matematiche virtuali per le scuole materne, basate sui principi dell&#8217;apprendimento sperimentale e della pedagogia ludica.<\/li>\n<li>Un modulo di 20 ore sulla modellazione 3D, la stampa e la fotogrammetria che fornisce agli educatori della scuola materna il know-how appropriato su come utilizzare un software computerizzato con l&#8217;obiettivo di ideare, progettare, illustrare e stampare i propri manipolatori matematici e gli oggetti tridimensionali. Un kit di creazione composto da mappe di progettazione, istruzioni accuratamente analizzate e disegni pronti per la stampa (3D) delle 12 mostre matematiche.<\/li>\n<\/ul>\n<p>[\/et_pb_text][\/et_pb_column][\/et_pb_row][\/et_pb_section]<\/p>\n","protected":false},"excerpt":{"rendered":"<p>A proposito diDurata del progetto: 01\/12\/20\u00a0\u2013\u00a031\/05\/2023Numero del progetto: 2020-1-FR01-KA201-079971Il progetto &#8220;recreaMATHS&#8221;, intende rivedere l&#8217;insegnamento della matematica alla scuola materna, fornendo agli educatori della scuola materna e ai fornitori formali e non formali di educazione STEM strumenti significativi non formali che spostano l&#8217;accento dalle &#8220;abilit\u00e0 di calcolo&#8221; e dalle &#8220;abilit\u00e0 e pratiche di esercitazione&#8221; all&#8217;insegnamento del [&hellip;]<\/p>\n","protected":false},"author":1,"featured_media":0,"parent":0,"menu_order":0,"comment_status":"closed","ping_status":"closed","template":"","meta":{"_et_pb_use_builder":"on","_et_pb_old_content":"","_et_gb_content_width":"","inline_featured_image":false},"acf":[],"_links":{"self":[{"href":"https:\/\/recreamaths.eu\/it\/wp-json\/wp\/v2\/pages\/508"}],"collection":[{"href":"https:\/\/recreamaths.eu\/it\/wp-json\/wp\/v2\/pages"}],"about":[{"href":"https:\/\/recreamaths.eu\/it\/wp-json\/wp\/v2\/types\/page"}],"author":[{"embeddable":true,"href":"https:\/\/recreamaths.eu\/it\/wp-json\/wp\/v2\/users\/1"}],"replies":[{"embeddable":true,"href":"https:\/\/recreamaths.eu\/it\/wp-json\/wp\/v2\/comments?post=508"}],"version-history":[{"count":5,"href":"https:\/\/recreamaths.eu\/it\/wp-json\/wp\/v2\/pages\/508\/revisions"}],"predecessor-version":[{"id":513,"href":"https:\/\/recreamaths.eu\/it\/wp-json\/wp\/v2\/pages\/508\/revisions\/513"}],"wp:attachment":[{"href":"https:\/\/recreamaths.eu\/it\/wp-json\/wp\/v2\/media?parent=508"}],"curies":[{"name":"wp","href":"https:\/\/api.w.org\/{rel}","templated":true}]}}